{"id":13444,"date":"2025-03-25T19:25:33","date_gmt":"2025-03-25T19:25:33","guid":{"rendered":"https:\/\/egiformations.com\/?page_id=13444"},"modified":"2025-04-11T19:58:36","modified_gmt":"2025-04-11T19:58:36","slug":"blog-2","status":"publish","type":"page","link":"https:\/\/egiformations.com\/fr\/blog-2\/","title":{"rendered":"Blog"},"content":{"rendered":"<div data-elementor-type=\"wp-page\" data-elementor-id=\"13444\" class=\"elementor elementor-13444\" data-elementor-post-type=\"page\">\n\t\t\t\t<div class=\"elementor-element elementor-element-53dd5714 e-flex e-con-boxed e-con e-parent\" data-id=\"53dd5714\" data-element_type=\"container\" data-settings=\"{&quot;background_background&quot;:&quot;classic&quot;}\">\n\t\t\t\t\t<div class=\"e-con-inner\">\n\t\t\t\t<div class=\"elementor-element elementor-element-390baa66 elementor-widget elementor-widget-heading\" data-id=\"390baa66\" data-element_type=\"widget\" data-settings=\"{&quot;_animation&quot;:&quot;none&quot;}\" data-widget_type=\"heading.default\">\n\t\t\t\t<div class=\"elementor-widget-container\">\n\t\t\t\t\t<h1 class=\"elementor-heading-title elementor-size-default\">Blog<\/h1>\t\t\t\t<\/div>\n\t\t\t\t<\/div>\n\t\t\t\t\t<\/div>\n\t\t\t\t<\/div>\n\t\t\t\t<section class=\"elementor-section elementor-top-section elementor-element elementor-element-53ab6d4 elementor-section-boxed elementor-section-height-default elementor-section-height-default\" data-id=\"53ab6d4\" data-element_type=\"section\" data-settings=\"{&quot;background_background&quot;:&quot;classic&quot;}\">\n\t\t\t\t\t\t<div class=\"elementor-container elementor-column-gap-default\">\n\t\t\t\t\t<div class=\"elementor-column elementor-col-100 elementor-top-column elementor-element elementor-element-5a68bb64\" data-id=\"5a68bb64\" data-element_type=\"column\">\n\t\t\t<div class=\"elementor-widget-wrap elementor-element-populated\">\n\t\t\t\t\t\t<div class=\"elementor-element elementor-element-46fd3f8a elementor-widget elementor-widget-heading\" data-id=\"46fd3f8a\" data-element_type=\"widget\" data-settings=\"{&quot;_animation&quot;:&quot;none&quot;}\" data-widget_type=\"heading.default\">\n\t\t\t\t<div class=\"elementor-widget-container\">\n\t\t\t\t\t<h2 class=\"elementor-heading-title elementor-size-default\">Popular Articles &amp; what going on<\/h2>\t\t\t\t<\/div>\n\t\t\t\t<\/div>\n\t\t\t\t<div class=\"elementor-element elementor-element-1b4b6917 blog_box elementor-widget elementor-widget-rt-blog\" data-id=\"1b4b6917\" data-element_type=\"widget\" data-settings=\"{&quot;blog_columns&quot;:&quot;4&quot;,&quot;_animation&quot;:&quot;none&quot;}\" data-widget_type=\"rt-blog.default\">\n\t\t\t\t<div class=\"elementor-widget-container\">\n\t\t\t\t\t<section class=\"rt_cpt_section\"><div class=\"blog-posts\"><div class=\"container-grid row blog_columns-3 grid blog-style-standard\"><div class=\"rt_col-4 item\"><div class=\"blog-post format-video\"><div class=\"blog-post_wrapper\"><div class=\"blog-post_media\"><div class=\"blog-post_media_part video_image\"><div class=\"rt-video_popup with_image\"><div class=\"videobox_content\"><div class=\"videobox_background\"><img decoding=\"async\" src=\"https:\/\/egiformations.com\/wp-content\/uploads\/2020\/09\/BL4310.jpg\" alt=\"\"><\/div><div class=\"videobox_link_wrapper\"><div  class=\"videobox_link videobox\" data-elementor-open-lightbox=\"yes\" data-elementor-lightbox=\"{&quot;type&quot;:&quot;video&quot;,&quot;url&quot;:&quot;https:\\\/\\\/www.youtube.com\\\/embed\\\/LnJwH_PZXnM?feature=oembed&quot;,&quot;modalOptions&quot;:{&quot;id&quot;:&quot;elementor-lightbox-69e1e5125e209&quot;}}\"><svg class=\"videobox_icon\" width=\"33%\" height=\"33%\" viewbox=\"0 0 232 232\"><path d=\"M203,99L49,2.3c-4.5-2.7-10.2-2.2-14.5-2.2 c-17.1,0-17,13-17,16.6v199c0,2.8-0.07,16.6,17,16.6c4.3,0,10,0.4,14.5-2.2 l154-97c12.7-7.5,10.5-16.5,10.5-16.5S216,107,204,100z\"\/><\/svg><\/div><\/div><\/div><\/div><\/div><\/div>    <div class=\"blog-post_content\">        <div class=\"post_meta-wrap\"><div class=\"meta-data\"><span class=\"post_categories\"><span><a  href=\"https:\/\/egiformations.com\/fr\/category\/lifestyle\/\" >Lifestyle<\/a><\/span><\/span><span class=\"post_author\"><span><img src='https:\/\/secure.gravatar.com\/avatar\/ca7b2ccddc1a7fbae469f10d72f0c129?s=250&#038;d=mm&#038;r=g' srcset='https:\/\/secure.gravatar.com\/avatar\/ca7b2ccddc1a7fbae469f10d72f0c129?s=250&#038;d=mm&#038;r=g 2x' class='avatar avatar-32 photo' height='32' width='32' decoding='async'\/><a href=\"https:\/\/egiformations.com\/fr\/author\/admin\/\">admin<\/a><\/span><\/span><\/div>        <\/div><h3 class=\"blog-post_title\"><a href=\"https:\/\/egiformations.com\/fr\/immigration-programs-prioritize-french\/\">Immigration Programs Prioritize French<\/a><\/h3>    <\/div>\n    <\/div>\n    <\/div>\n    <\/div><div class=\"rt_col-4 item\"><div class=\"blog-post format-standard-image\"><div class=\"blog-post_wrapper\"><div class=\"blog-post_media\"><div class=\"blog-post_media_part\"><a href=\"https:\/\/egiformations.com\/fr\/french-the-official-language-of-quebec\/\" class=\"media-link image-overlay\"><img decoding=\"async\" src=\"https:\/\/egiformations.com\/wp-content\/uploads\/2021\/04\/tmp_e92cb15c-adbd-4b2e-a66f-de1057cfe2f2-1.jpeg\" alt=\"\"><\/a><\/div><\/div>    <div class=\"blog-post_content\">        <div class=\"post_meta-wrap\"><div class=\"meta-data\"><span class=\"post_categories\"><span><a  href=\"https:\/\/egiformations.com\/fr\/category\/health\/\" >De la sant\u00e9<\/a><\/span><\/span><span class=\"post_author\"><span><img src='https:\/\/secure.gravatar.com\/avatar\/ca7b2ccddc1a7fbae469f10d72f0c129?s=250&#038;d=mm&#038;r=g' srcset='https:\/\/secure.gravatar.com\/avatar\/ca7b2ccddc1a7fbae469f10d72f0c129?s=250&#038;d=mm&#038;r=g 2x' class='avatar avatar-32 photo' height='32' width='32' decoding='async'\/><a href=\"https:\/\/egiformations.com\/fr\/author\/admin\/\">admin<\/a><\/span><\/span><\/div>        <\/div><h3 class=\"blog-post_title\"><a href=\"https:\/\/egiformations.com\/fr\/french-the-official-language-of-quebec\/\">French: The Official Language of Qu\u00e9bec<\/a><\/h3>    <\/div>\n    <\/div>\n    <\/div>\n    <\/div><div class=\"rt_col-4 item\"><div class=\"blog-post format-standard-image\"><div class=\"blog-post_wrapper\"><div class=\"blog-post_media\"><div class=\"blog-post_media_part\"><a href=\"https:\/\/egiformations.com\/fr\/language-is-key-to-integration-and-belonging\/\" class=\"media-link image-overlay\"><img decoding=\"async\" src=\"https:\/\/egiformations.com\/wp-content\/uploads\/2021\/09\/TF824.jpg\" alt=\"\"><\/a><\/div><\/div>    <div class=\"blog-post_content\">        <div class=\"post_meta-wrap\"><div class=\"meta-data\"><span class=\"post_categories\"><span><a  href=\"https:\/\/egiformations.com\/fr\/category\/health\/\" >De la sant\u00e9<\/a><\/span><\/span><span class=\"post_author\"><span><img src='https:\/\/secure.gravatar.com\/avatar\/ca7b2ccddc1a7fbae469f10d72f0c129?s=250&#038;d=mm&#038;r=g' srcset='https:\/\/secure.gravatar.com\/avatar\/ca7b2ccddc1a7fbae469f10d72f0c129?s=250&#038;d=mm&#038;r=g 2x' class='avatar avatar-32 photo' height='32' width='32' decoding='async'\/><a href=\"https:\/\/egiformations.com\/fr\/author\/admin\/\">admin<\/a><\/span><\/span><\/div>        <\/div><h3 class=\"blog-post_title\"><a href=\"https:\/\/egiformations.com\/fr\/language-is-key-to-integration-and-belonging\/\">Language is Key to Integration and Belonging<\/a><\/h3>    <\/div>\n    <\/div>\n    <\/div>\n    <\/div><div class=\"rt_col-4 item\"><div class=\"blog-post format-standard-image\"><div class=\"blog-post_wrapper\"><div class=\"blog-post_media\"><div class=\"blog-post_media_part\"><a href=\"https:\/\/egiformations.com\/fr\/tcf-canada-and-french-tests\/\" class=\"media-link image-overlay\"><img decoding=\"async\" src=\"https:\/\/egiformations.com\/wp-content\/uploads\/2021\/09\/BL0325.jpg\" alt=\"\"><\/a><\/div><\/div>    <div class=\"blog-post_content\">        <div class=\"post_meta-wrap\"><div class=\"meta-data\"><span class=\"post_categories\"><span><a  href=\"https:\/\/egiformations.com\/fr\/category\/health\/\" >De la sant\u00e9<\/a><\/span><\/span><span class=\"post_author\"><span><img src='https:\/\/secure.gravatar.com\/avatar\/ca7b2ccddc1a7fbae469f10d72f0c129?s=250&#038;d=mm&#038;r=g' srcset='https:\/\/secure.gravatar.com\/avatar\/ca7b2ccddc1a7fbae469f10d72f0c129?s=250&#038;d=mm&#038;r=g 2x' class='avatar avatar-32 photo' height='32' width='32' decoding='async'\/><a href=\"https:\/\/egiformations.com\/fr\/author\/admin\/\">admin<\/a><\/span><\/span><\/div>        <\/div><h3 class=\"blog-post_title\"><a href=\"https:\/\/egiformations.com\/fr\/tcf-canada-and-french-tests\/\">TCF Canada and French Tests<\/a><\/h3>    <\/div>\n    <\/div>\n    <\/div>\n    <\/div><\/div><\/div><\/section>\t\t\t\t<\/div>\n\t\t\t\t<\/div>\n\t\t\t\t\t<\/div>\n\t\t<\/div>\n\t\t\t\t\t<\/div>\n\t\t<\/section>\n\t\t<div class=\"elementor-element elementor-element-ee02bbc e-flex e-con-boxed e-con e-parent\" data-id=\"ee02bbc\" data-element_type=\"container\" data-settings=\"{&quot;background_background&quot;:&quot;classic&quot;}\">\n\t\t\t\t\t<div class=\"e-con-inner\">\n\t\t\t\t<div class=\"elementor-element elementor-element-87e3983 elementor-widget elementor-widget-heading\" data-id=\"87e3983\" data-element_type=\"widget\" data-widget_type=\"heading.default\">\n\t\t\t\t<div class=\"elementor-widget-container\">\n\t\t\t\t\t<div class=\"elementor-heading-title elementor-size-default\">En partenariat avec le leader mondial de la <span style=\"color:#FF1F59\">les universit\u00e9s et les entreprises <\/span><\/div>\t\t\t\t<\/div>\n\t\t\t\t<\/div>\n\t\t\t\t<div class=\"elementor-element elementor-element-6345dd77 elementor-widget elementor-widget-image-carousel\" data-id=\"6345dd77\" data-element_type=\"widget\" data-settings=\"{&quot;slides_to_show&quot;:&quot;4&quot;,&quot;slides_to_scroll&quot;:&quot;2&quot;,&quot;navigation&quot;:&quot;none&quot;,&quot;slides_to_show_tablet&quot;:&quot;3&quot;,&quot;slides_to_show_mobile&quot;:&quot;2&quot;,&quot;slides_to_scroll_mobile&quot;:&quot;1&quot;,&quot;autoplay&quot;:&quot;yes&quot;,&quot;pause_on_hover&quot;:&quot;yes&quot;,&quot;pause_on_interaction&quot;:&quot;yes&quot;,&quot;autoplay_speed&quot;:5000,&quot;infinite&quot;:&quot;yes&quot;,&quot;speed&quot;:500,&quot;image_spacing_custom&quot;:{&quot;unit&quot;:&quot;px&quot;,&quot;size&quot;:20,&quot;sizes&quot;:[]},&quot;image_spacing_custom_tablet&quot;:{&quot;unit&quot;:&quot;px&quot;,&quot;size&quot;:&quot;&quot;,&quot;sizes&quot;:[]},&quot;image_spacing_custom_mobile&quot;:{&quot;unit&quot;:&quot;px&quot;,&quot;size&quot;:&quot;&quot;,&quot;sizes&quot;:[]}}\" data-widget_type=\"image-carousel.default\">\n\t\t\t\t<div class=\"elementor-widget-container\">\n\t\t\t\t\t\t\t<div class=\"elementor-image-carousel-wrapper swiper\" role=\"region\" aria-roledescription=\"carousel\" aria-label=\"Carrousel D&#039;Images\" dir=\"ltr\">\n\t\t\t<div class=\"elementor-image-carousel swiper-wrapper\" aria-live=\"off\">\n\t\t\t\t\t\t\t\t<div class=\"swiper-slide\" role=\"group\" aria-roledescription=\"slide\" aria-label=\"1 of 5\"><figure class=\"swiper-slide-inner\"><img decoding=\"async\" class=\"swiper-slide-image\" src=\"https:\/\/egiformations.com\/wp-content\/uploads\/2021\/03\/logo-4.png\" alt=\"logo-4\" \/><\/figure><\/div><div class=\"swiper-slide\" role=\"group\" aria-roledescription=\"slide\" aria-label=\"2 of 5\"><figure class=\"swiper-slide-inner\"><img decoding=\"async\" class=\"swiper-slide-image\" src=\"https:\/\/egiformations.com\/wp-content\/uploads\/2021\/03\/logo-3.png\" alt=\"logo-3\" \/><\/figure><\/div><div class=\"swiper-slide\" role=\"group\" aria-roledescription=\"slide\" aria-label=\"3 of 5\"><figure class=\"swiper-slide-inner\"><img decoding=\"async\" class=\"swiper-slide-image\" src=\"https:\/\/egiformations.com\/wp-content\/uploads\/2021\/03\/logo-2.png\" alt=\"logo-2\" \/><\/figure><\/div><div class=\"swiper-slide\" role=\"group\" aria-roledescription=\"slide\" aria-label=\"4 of 5\"><figure class=\"swiper-slide-inner\"><img decoding=\"async\" class=\"swiper-slide-image\" src=\"https:\/\/egiformations.com\/wp-content\/uploads\/2021\/03\/logo-1.png\" alt=\"logo-1\" \/><\/figure><\/div><div class=\"swiper-slide\" role=\"group\" aria-roledescription=\"slide\" aria-label=\"5 of 5\"><figure class=\"swiper-slide-inner\"><img decoding=\"async\" class=\"swiper-slide-image\" src=\"https:\/\/egiformations.com\/wp-content\/uploads\/2021\/03\/logo-5.png\" alt=\"logo-5\" \/><\/figure><\/div>\t\t\t<\/div>\n\t\t\t\t\t\t\t\n\t\t\t\t\t\t\t\t\t<\/div>\n\t\t\t\t\t\t<\/div>\n\t\t\t\t<\/div>\n\t\t\t\t\t<\/div>\n\t\t\t\t<\/div>\n\t\t<div class=\"elementor-element elementor-element-1cf01f3c e-flex e-con-boxed e-con e-parent\" data-id=\"1cf01f3c\" data-element_type=\"container\">\n\t\t\t\t\t<div class=\"e-con-inner\">\n\t\t\t\t<div class=\"elementor-element elementor-element-3bfc27d9 elementor-widget elementor-widget-heading\" data-id=\"3bfc27d9\" data-element_type=\"widget\" data-settings=\"{&quot;_animation&quot;:&quot;none&quot;}\" data-widget_type=\"heading.default\">\n\t\t\t\t<div class=\"elementor-widget-container\">\n\t\t\t\t\t<h2 class=\"elementor-heading-title elementor-size-default\">Consultez Nos Clients Examens<\/h2>\t\t\t\t<\/div>\n\t\t\t\t<\/div>\n\t\t<div class=\"elementor-element elementor-element-6db4f895 e-con-full e-flex e-con e-child\" data-id=\"6db4f895\" data-element_type=\"container\">\n\t\t\t\t<div class=\"elementor-element elementor-element-5513b348 elementor-widget elementor-widget-n-carousel\" data-id=\"5513b348\" data-element_type=\"widget\" data-settings=\"{&quot;carousel_items&quot;:[{&quot;slide_title&quot;:&quot;Slide #1&quot;,&quot;_id&quot;:&quot;347f280&quot;},{&quot;slide_title&quot;:&quot;Slide #1&quot;,&quot;_id&quot;:&quot;1f7b501&quot;},{&quot;slide_title&quot;:&quot;Slide #1&quot;,&quot;_id&quot;:&quot;8b18437&quot;}],&quot;slides_to_show&quot;:&quot;1&quot;,&quot;slides_to_scroll&quot;:&quot;1&quot;,&quot;slides_to_show_tablet&quot;:&quot;2&quot;,&quot;slides_to_show_mobile&quot;:&quot;1&quot;,&quot;infinite&quot;:&quot;yes&quot;,&quot;speed&quot;:500,&quot;offset_sides&quot;:&quot;none&quot;,&quot;image_spacing_custom&quot;:{&quot;unit&quot;:&quot;px&quot;,&quot;size&quot;:10,&quot;sizes&quot;:[]},&quot;image_spacing_custom_tablet&quot;:{&quot;unit&quot;:&quot;px&quot;,&quot;size&quot;:&quot;&quot;,&quot;sizes&quot;:[]},&quot;image_spacing_custom_mobile&quot;:{&quot;unit&quot;:&quot;px&quot;,&quot;size&quot;:&quot;&quot;,&quot;sizes&quot;:[]}}\" data-widget_type=\"nested-carousel.default\">\n\t\t\t\t<div class=\"elementor-widget-container\">\n\t\t\t\t\t\t\t<div class=\"e-n-carousel swiper\" role=\"region\" aria-roledescription=\"carousel\" aria-label=\"Carrousel\" dir=\"ltr\">\n\t\t\t<div class=\"swiper-wrapper\" aria-live=\"polite\">\n\t\t\t\t\t\t\t\t\t\t<div class=\"swiper-slide\" data-slide=\"1\" role=\"group\" aria-roledescription=\"slide\" aria-label=\"1 of 3\">\n\t\t\t\t\t\t\t<div class=\"elementor-element elementor-element-6ed8d6eb e-flex e-con-boxed e-con e-child\" data-id=\"6ed8d6eb\" data-element_type=\"container\" data-settings=\"{&quot;background_background&quot;:&quot;classic&quot;}\">\n\t\t\t\t\t<div class=\"e-con-inner\">\n\t\t\t\t<div class=\"elementor-element elementor-element-4d325fca elementor-widget elementor-widget-heading\" data-id=\"4d325fca\" data-element_type=\"widget\" data-widget_type=\"heading.default\">\n\t\t\t\t<div class=\"elementor-widget-container\">\n\t\t\t\t\t<h4 class=\"elementor-heading-title elementor-size-default\">William J. Karg<\/h4>\t\t\t\t<\/div>\n\t\t\t\t<\/div>\n\t\t\t\t<div class=\"elementor-element elementor-element-7ca85c9e elementor-widget elementor-widget-text-editor\" data-id=\"7ca85c9e\" data-element_type=\"widget\" data-widget_type=\"text-editor.default\">\n\t\t\t\t<div class=\"elementor-widget-container\">\n\t\t\t\t\t\t\t\t\t<p>Obligataire Senior Coordinateur De Projets<\/p>\t\t\t\t\t\t\t\t<\/div>\n\t\t\t\t<\/div>\n\t\t\t\t<div class=\"elementor-element elementor-element-1ce48b8d elementor-widget elementor-widget-text-editor\" data-id=\"1ce48b8d\" data-element_type=\"widget\" data-widget_type=\"text-editor.default\">\n\t\t\t\t<div class=\"elementor-widget-container\">\n\t\t\t\t\t\t\t\t\t<p>\u201cLorem Ipsum est simplement faux texte de l&#039;imprimerie et de la composition de l&#039;industrie. Lorem Ipsum a \u00e9t\u00e9 la norme dans l&#039;industrie un texte factice depuis les ann\u00e9es 1500, quand un imprimeur inconnu\u201d<\/p>\t\t\t\t\t\t\t\t<\/div>\n\t\t\t\t<\/div>\n\t\t\t\t\t<\/div>\n\t\t\t\t<\/div>\n\t\t\t\t\t\t\t\t<\/div>\n\t\t\t\t\t\t\t\t\t\t\t<div class=\"swiper-slide\" data-slide=\"2\" role=\"group\" aria-roledescription=\"slide\" aria-label=\"2 of 3\">\n\t\t\t\t\t\t\t<div class=\"elementor-element elementor-element-d940781 e-flex e-con-boxed e-con e-child\" data-id=\"d940781\" data-element_type=\"container\" data-settings=\"{&quot;background_background&quot;:&quot;classic&quot;}\">\n\t\t\t\t\t<div class=\"e-con-inner\">\n\t\t\t\t<div class=\"elementor-element elementor-element-e5e941e elementor-widget elementor-widget-heading\" data-id=\"e5e941e\" data-element_type=\"widget\" data-widget_type=\"heading.default\">\n\t\t\t\t<div class=\"elementor-widget-container\">\n\t\t\t\t\t<h4 class=\"elementor-heading-title elementor-size-default\">William J. Karg<\/h4>\t\t\t\t<\/div>\n\t\t\t\t<\/div>\n\t\t\t\t<div class=\"elementor-element elementor-element-81ea1b7 elementor-widget elementor-widget-text-editor\" data-id=\"81ea1b7\" data-element_type=\"widget\" data-widget_type=\"text-editor.default\">\n\t\t\t\t<div class=\"elementor-widget-container\">\n\t\t\t\t\t\t\t\t\t<p>Obligataire Senior Coordinateur De Projets<\/p>\t\t\t\t\t\t\t\t<\/div>\n\t\t\t\t<\/div>\n\t\t\t\t<div class=\"elementor-element elementor-element-b3f341a elementor-widget elementor-widget-text-editor\" data-id=\"b3f341a\" data-element_type=\"widget\" data-widget_type=\"text-editor.default\">\n\t\t\t\t<div class=\"elementor-widget-container\">\n\t\t\t\t\t\t\t\t\t<p>\u201cLorem Ipsum est simplement faux texte de l&#039;imprimerie et de la composition de l&#039;industrie. Lorem Ipsum a \u00e9t\u00e9 la norme dans l&#039;industrie un texte factice depuis les ann\u00e9es 1500, quand un imprimeur inconnu\u201d<\/p>\t\t\t\t\t\t\t\t<\/div>\n\t\t\t\t<\/div>\n\t\t\t\t\t<\/div>\n\t\t\t\t<\/div>\n\t\t\t\t\t\t\t\t<\/div>\n\t\t\t\t\t\t\t\t\t\t\t<div class=\"swiper-slide\" data-slide=\"3\" role=\"group\" aria-roledescription=\"slide\" aria-label=\"3 of 3\">\n\t\t\t\t\t\t\t<div class=\"elementor-element elementor-element-dd11a50 e-flex e-con-boxed e-con e-child\" data-id=\"dd11a50\" data-element_type=\"container\" data-settings=\"{&quot;background_background&quot;:&quot;classic&quot;}\">\n\t\t\t\t\t<div class=\"e-con-inner\">\n\t\t\t\t<div class=\"elementor-element elementor-element-dd7a6fa elementor-widget elementor-widget-heading\" data-id=\"dd7a6fa\" data-element_type=\"widget\" data-widget_type=\"heading.default\">\n\t\t\t\t<div class=\"elementor-widget-container\">\n\t\t\t\t\t<h4 class=\"elementor-heading-title elementor-size-default\">William J. Karg<\/h4>\t\t\t\t<\/div>\n\t\t\t\t<\/div>\n\t\t\t\t<div class=\"elementor-element elementor-element-8b5f6b1 elementor-widget elementor-widget-text-editor\" data-id=\"8b5f6b1\" data-element_type=\"widget\" data-widget_type=\"text-editor.default\">\n\t\t\t\t<div class=\"elementor-widget-container\">\n\t\t\t\t\t\t\t\t\t<p>Obligataire Senior Coordinateur De Projets<\/p>\t\t\t\t\t\t\t\t<\/div>\n\t\t\t\t<\/div>\n\t\t\t\t<div class=\"elementor-element elementor-element-c6ac532 elementor-widget elementor-widget-text-editor\" data-id=\"c6ac532\" data-element_type=\"widget\" data-widget_type=\"text-editor.default\">\n\t\t\t\t<div class=\"elementor-widget-container\">\n\t\t\t\t\t\t\t\t\t<p>\u201cLorem Ipsum est simplement faux texte de l&#039;imprimerie et de la composition de l&#039;industrie. Lorem Ipsum a \u00e9t\u00e9 la norme dans l&#039;industrie un texte factice depuis les ann\u00e9es 1500, quand un imprimeur inconnu\u201d<\/p>\t\t\t\t\t\t\t\t<\/div>\n\t\t\t\t<\/div>\n\t\t\t\t\t<\/div>\n\t\t\t\t<\/div>\n\t\t\t\t\t\t\t\t<\/div>\n\t\t\t\t\t\t\t\t<\/div>\n\t\t<\/div>\n\t\t\t\t\t\t<\/div>\n\t\t\t\t<\/div>\n\t\t\t\t<\/div>\n\t\t\t\t\t<\/div>\n\t\t\t\t<\/div>\n\t\t\t\t<\/div>","protected":false},"excerpt":{"rendered":"<p>Blog Popular Articles &amp; what going on Lifestyleadmin A day in the life of a Canada university student Financeadmin How [&hellip;]<\/p>","protected":false},"author":1,"featured_media":0,"parent":0,"menu_order":0,"comment_status":"closed","ping_status":"closed","template":"","meta":{"footnotes":""},"class_list":["post-13444","page","type-page","status-publish","hentry"],"_links":{"self":[{"href":"https:\/\/egiformations.com\/fr\/wp-json\/wp\/v2\/pages\/13444","targetHints":{"allow":["GET"]}}],"collection":[{"href":"https:\/\/egiformations.com\/fr\/wp-json\/wp\/v2\/pages"}],"about":[{"href":"https:\/\/egiformations.com\/fr\/wp-json\/wp\/v2\/types\/page"}],"author":[{"embeddable":true,"href":"https:\/\/egiformations.com\/fr\/wp-json\/wp\/v2\/users\/1"}],"replies":[{"embeddable":true,"href":"https:\/\/egiformations.com\/fr\/wp-json\/wp\/v2\/comments?post=13444"}],"version-history":[{"count":26,"href":"https:\/\/egiformations.com\/fr\/wp-json\/wp\/v2\/pages\/13444\/revisions"}],"predecessor-version":[{"id":13658,"href":"https:\/\/egiformations.com\/fr\/wp-json\/wp\/v2\/pages\/13444\/revisions\/13658"}],"wp:attachment":[{"href":"https:\/\/egiformations.com\/fr\/wp-json\/wp\/v2\/media?parent=13444"}],"curies":[{"name":"wp","href":"https:\/\/api.w.org\/{rel}","templated":true}]}}